{"id":1592,"date":"2025-07-30T13:04:40","date_gmt":"2025-07-30T11:04:40","guid":{"rendered":"https:\/\/www.cormens.com\/publications\/"},"modified":"2025-10-17T01:19:18","modified_gmt":"2025-10-16T23:19:18","slug":"publications","status":"publish","type":"page","link":"https:\/\/www.cormens.com\/en\/publications\/","title":{"rendered":"Publications"},"content":{"rendered":"<div class=\"wpb-content-wrapper\"><p>[vc_row el_class=&#8221;space-after-m&#8221;][vc_column]\t<h1 class=\"cbh-headline cbh-full headline-element\" style=\"--cbh-height:1em;--cbh-bottom:0.08em;--cbh-left:0em;--cbh-overscan:0%;--cbh-align-x:center;--cbh-object-fit:fill;--cbh-bg-size:100% 100%\" data-cbh-mode=\"object\" data-cbh-fit=\"em\" data-cbh-brush=\"brush-01.svg\">\n\t\t\t\t\t<object class=\"cbh-brush  brush-01 brushAnimated\" type=\"image\/svg+xml\" data=\"https:\/\/www.cormens.com\/wp-content\/plugins\/cormens-brush-headline\/assets\/brushes\/brush-01.svg\" aria-hidden=\"true\"><\/object>\n\t\t\t\t<span class=\"cbh-text\"><\/p>\n<p>Publications<\/p>\n<p><\/span>\n\t<\/h1>\n\t[vc_column_text css=&#8221;&#8221;]<\/p>\n<p>We are happy to share our knowledge and experience with you. The following publications give you examples of how the methods we use can be adopted effectively and inspirationally.<\/p>\n<p>[\/vc_column_text][vc_column_text css=&#8221;&#8221;]<\/p>\n<h3>All our publications are in German<\/h3>\n<p>[\/vc_column_text][\/vc_column][\/vc_row][vc_row el_class=&#8221;space-before-0 space-after-m&#8221;][vc_column width=&#8221;2\/3&#8243;][vc_column_text css=&#8221;&#8221;]<\/p>\n<ul>\n<li><a href=\"\/wp-content\/uploads\/media\/publikationen\/bso_journal_2-2023_thema_lothar-wuest.pdf\" target=\"_blank\" rel=\"noopener\">Jonglieren mit der Unsicherheit &#8211; Entscheidungsprozesse in Organisationen<\/a><br \/>\nFachzeitschriftartikel von Lothar W\u00fcst, Journal bso 2\/2023,<\/li>\n<li><a href=\"\/wp-content\/uploads\/media\/publikationen\/die_entscheidende_zutat.pdf\" target=\"_blank\" rel=\"noopener\">Die entscheidende Zutat &#8211; 2-3 Impulse f\u00fcr gute Beratung<\/a><br \/>\nprivat banking kongress M\u00fcnchen 2022<\/li>\n<li><a href=\"\/wp-content\/uploads\/media\/publikationen\/das_management_dilemma_paw_2021_-_wuest_eidenschink.pdf\" target=\"_blank\" rel=\"noopener\">Das Management Dilemma &#8211; \u00dcber die Unentscheidbarkeit von Entscheidungen<\/a><br \/>\nFachzeitschriftartikel von Lothar W\u00fcst und Klaus Eidenschink, people&amp;work, 2021<\/li>\n<li><a href=\"\/wp-content\/uploads\/media\/publikationen\/die_skywalker-strategie_pbm.pdf\" target=\"_blank\" rel=\"noopener\">Die Skywalker-Strategie. Relationship Banking &#8211; Wie Private Banker sich selbst als Marke in den Mittelpunkt stellen<\/a><br \/>\nFachzeitschriftartikel von Dirk Stoess, private banking magazin, 2020<\/li>\n<li><a href=\"\/wp-content\/uploads\/media\/publikationen\/pbm_04_2019_14_18_roundtable_final.pdf\" target=\"_blank\" rel=\"noopener\">Sie m\u00fcssen Mit-Unternehmer sein &#8211; (&#8230;) Sieben Branchenexperten \u00fcber den Weg vom Dienstleister zum Sparringspartner<\/a><br \/>\nFachzeitschriftartikel mit Dirk Stoess, private banking magazin, 2019<\/li>\n<li><a href=\"\/wp-content\/uploads\/media\/publikationen\/brand_eins_2019_-_das_trio_fuer_rat_.pdf\" target=\"_blank\" rel=\"noopener\">Das Trio f\u00fcr Rat. Mensch oder Organisation? Beides. Finden die Berater von Cormens<\/a><br \/>\nFachzeitschriftartikel, brand ein Thema Consulting, 2019<\/li>\n<li><a href=\"\/wp-content\/uploads\/media\/publikationen\/brand_eins_2019_-_unter_den_besten_in_drei_kategorien.pdf\" target=\"_blank\" rel=\"noopener\">Das neue Ranking. DIE BESTEN BERATER 2019<\/a><br \/>\nFachzeitschriftartikel, brand ein Thema Consulting, 2019<\/li>\n<li><a href=\"\/wp-content\/uploads\/media\/publikationen\/rkw-managementbrief_chefsachen_2_2018_mk.pdf\" target=\"_blank\" rel=\"noopener\">Die Sch\u00f6ne und das Biest? \u00dcber das Alte und Neue und scheinbare Gegens\u00e4tze<\/a><br \/>\nFachzeitschriftartikel von Dr. Margret Klinkhammer, RKW Managementbrief Chefsachen, 2018<\/li>\n<li><a href=\"https:\/\/www.amazon.de\/mentoring-kompass-unternehmen-mentoren-erfahrungsberichte\/dp\/3658225297\" target=\"_blank\" rel=\"noopener noreferrer\">Der Mentoring Kompass f\u00fcr Unternehmen und Mentoren: Pers\u00f6nliche Erfahrungsberichte, Erfolgsprinzipien aus Forschung und Praxis<\/a><br \/>\nTaschenbuch von Stephan Pflaum und Lothar W\u00fcst, 2018<\/li>\n<li><a href=\"\/wp-content\/uploads\/media\/publikationen\/der_faktor_mensch_-_artikel_ds_im_pb-magazin_02_2018.pdf\" target=\"_blank\" rel=\"noopener\">DER FAKTOR MENSCH im Preisgespr\u00e4ch zwischen Berater und Kunde &#8211; In der Preisgestaltung schlummert noch viel Ertragspotenzial im Private Banking<\/a><br \/>\nFachzeitschriftartikel von Dirk Stoess, private banking magazin, 2018<\/li>\n<li><a href=\"\/wp-content\/uploads\/media\/publikationen\/16-19_kniziaback.pdf\" target=\"_blank\" rel=\"noopener\">Zur\u00fcck von der Insel<\/a><br \/>\nKooperation CORMENS und KNIZIA GAMES, Interview mit Reiner Knizia in Spielbox, 2017<\/li>\n<li><a href=\"\/wp-content\/uploads\/media\/publikationen\/pbm_05_2017_16_18_gb-stoess_l2.pdf\" target=\"_blank\" rel=\"noopener\">ICH, dein Partner &#8211; Tatort Kundengespr\u00e4ch. Wenn Private Banking bei der Anlageberatung verbleibt (&#8230;) Der Kunde, meist Unternehmer, erwartet einfach mehr<\/a><br \/>\nFachzeitschriftartikel von Dirk Stoess, private banking magazin, 2017<\/li>\n<li><a href=\"\/wp-content\/uploads\/media\/publikationen\/neurodidaktik_fuer_trainer_-_fuehrungssimulation.pdf\" target=\"_blank\" rel=\"noopener\">Neurodidaktik f\u00fcr Trainer &#8211; Trainingsmethoden effektiver gestalten nach den neuesten Erkenntnissen der Gehirnforschung<\/a><br \/>\nFachzeitschriftartikel, managerSeminare Verlags GmbH, 2017<\/li>\n<li><a href=\"\/wp-content\/uploads\/media\/publikationen\/mit_dem_cor-essential_modell_zum_projekterfolg.pdf\" target=\"_blank\" rel=\"noopener\">Erfolgreiches Projektmanagement in der VUCA-Welt &#8211; Ein Beispiel, wie scheinbar un\u00fcberwindbare H\u00fcrden im Projekt mit Hilfe des COR-ESSENTIALS-Modells aufgedeckt und wirksam gel\u00f6st werden<\/a><br \/>\nWhite Paper von Dr. Ulrich Weilnhammer und Lothar W\u00fcst, Cormens GmbH, 2016<\/li>\n<li><a href=\"\/wp-content\/uploads\/media\/publikationen\/blog_-_wie_unser_gehirn_am_liebsten_lernt.pdf\" target=\"_blank\" rel=\"noopener\">Am Offenen Herzen<\/a><br \/>\nWie unser Gehirn am liebsten lernt&#8230;, 2016<\/li>\n<li><a href=\"http:\/\/www.georgjocham.com\/apl-063-veraenderungen-gehirngerecht-gestalten-im-gespraech-mit-lothar-wuest\/\" target=\"_blank\" rel=\"noopener noreferrer\">Change happens &#8211; Ver\u00e4nderungen gehirngerecht gestalten<\/a><br \/>\nPodcast-Interview zu unserem Buch und unserem Verst\u00e4ndnis von erfolgreichem Change Management in Organisationen, 2016<\/li>\n<li><a href=\"\/wp-content\/uploads\/media\/publikationen\/white_paper_ch.pdf\" target=\"_blank\" rel=\"noopener\">Frauen fordern deutlich mehr Vorbereitung auf F\u00fchrungspositionen<\/a><br \/>\nWhite Paper von Christine Heilmaier, Cormens GmbH, 2016<\/li>\n<li><a href=\"\/wp-content\/uploads\/media\/publikationen\/collaboration-tools_deutsch_2015_11_19.pdf\" target=\"_blank\" rel=\"noopener\">Der Einsatz von Collaboration-Tools im Change-Prozess<\/a><br \/>\naus dem Werk &#8220;Change happens. Ver\u00e4nderungen gehirngerecht gestalten&#8221;, 2015<\/li>\n<li><a href=\"\/wp-content\/uploads\/media\/publikationen\/teamkonflikte_managerseminare.pdf\" target=\"_blank\" rel=\"noopener\">System Snapshot \u2013 Konfliktanalyse mit dem Inneren und \u00e4u\u00dferen Team einer Konfliktpartei<\/a><br \/>\nBuchbeitrag, erschienen beim Managerseminare Verlag, 2012<\/li>\n<li><a href=\"\/wp-content\/uploads\/media\/publikationen\/werkstattbericht_i_wimax_.pdf\" target=\"_blank\" rel=\"noopener\">Wirkung beim Kunden maximieren<\/a><br \/>\nWerkstattbericht in WIMAX-Training bei der BrandP Group CORMENS schult Unternehmensberater in effektiver Gespr\u00e4chsf\u00fchrung, 2011<\/li>\n<li><a href=\"\/wp-content\/uploads\/media\/publikationen\/artikel_erlebnisorientierung_kletterseminar_dezember_2010.pdf\" target=\"_blank\" rel=\"noopener\">K\u00f6rper und Geist vernetzen \u2013 ein Werkstattbericht<\/a><br \/>\nErlebnisorientierung Kletterseminar; Buchbeitrag erschienen beim Shaker Verlag, 2010<\/li>\n<li><a href=\"\/wp-content\/uploads\/media\/publikationen\/die_rolle_des_wirtschaftscoach_im_verfahren_der_cooperativen_praxis.pdf\" target=\"_blank\" rel=\"noopener\">Rollen und Aufgaben des Wirtschafts-Coaches in der Cooperativen Praxis<\/a><br \/>\nBuchbeitrag, erschienen beim Leuten Verlag, Berlin, 2010<\/li>\n<li><a href=\"\/wp-content\/uploads\/media\/publikationen\/mainpost_fuehrung_in_stuermischen_zeiten.pdf\" target=\"_blank\" rel=\"noopener\">Klare Orientierung f\u00fcr die Mannschaft \u2013 Betriebsf\u00fchrung in st\u00fcrmischen Zeiten<\/a><br \/>\nZeitungsartikel, Mainpost, 2010<\/li>\n<li><a href=\"\/wp-content\/uploads\/media\/publikationen\/wirtschaftspsychologie_aktuell_2_2010.pdf\" target=\"_blank\" rel=\"noopener\">Cooperative Praxis \u2013 eine neue Form der Konfliktregelung<\/a><br \/>\nFachzeitschriftartikel, Wirtschaftspsychologie Aktuell, 2010<\/li>\n<\/ul>\n<p>[\/vc_column_text][\/vc_column][vc_column width=&#8221;1\/3&#8243;][\/vc_column][\/vc_row]<\/p>\n<\/div>","protected":false},"excerpt":{"rendered":"<p>[vc_row el_class=&#8221;space-after-m&#8221;][vc_column][vc_column_text css=&#8221;&#8221;] We are happy to share our knowledge and experience with you. The following publications give you examples of how the methods we use can be adopted effectively and inspirationally. [\/vc_column_text][vc_column_text css=&#8221;&#8221;] All our publications are in German [\/vc_column_text][\/vc_column][\/vc_row][vc_row el_class=&#8221;space-before-0 space-after-m&#8221;][vc_column width=&#8221;2\/3&#8243;][vc_column_text css=&#8221;&#8221;] Jonglieren mit der Unsicherheit &#8211; Entscheidungsprozesse in Organisationen Fachzeitschriftartikel von [&hellip;]<\/p>\n","protected":false},"author":1,"featured_media":0,"parent":0,"menu_order":0,"comment_status":"closed","ping_status":"closed","template":"","meta":{"_acf_changed":false,"inline_featured_image":false,"footnotes":""},"class_list":["post-1592","page","type-page","status-publish","hentry","wpbf-post"],"acf":[],"acpt":null,"yoast_head":"<!-- This site is optimized with the Yoast SEO plugin v27.4 - https:\/\/yoast.com\/product\/yoast-seo-wordpress\/ -->\n<title>Publications - Cormens<\/title>\n<meta name=\"robots\" content=\"index, follow, max-snippet:-1, max-image-preview:large, max-video-preview:-1\" \/>\n<link rel=\"canonical\" href=\"https:\/\/www.cormens.com\/en\/publications\/\" \/>\n<meta property=\"og:locale\" content=\"en_US\" \/>\n<meta property=\"og:type\" content=\"article\" \/>\n<meta property=\"og:title\" content=\"Publications - Cormens\" \/>\n<meta property=\"og:description\" content=\"[vc_row el_class=&#8221;space-after-m&#8221;][vc_column][vc_column_text css=&#8221;&#8221;] We are happy to share our knowledge and experience with you. The following publications give you examples of how the methods we use can be adopted effectively and inspirationally. [\/vc_column_text][vc_column_text css=&#8221;&#8221;] All our publications are in German [\/vc_column_text][\/vc_column][\/vc_row][vc_row el_class=&#8221;space-before-0 space-after-m&#8221;][vc_column width=&#8221;2\/3&#8243;][vc_column_text css=&#8221;&#8221;] Jonglieren mit der Unsicherheit &#8211; Entscheidungsprozesse in Organisationen Fachzeitschriftartikel von [&hellip;]\" \/>\n<meta property=\"og:url\" content=\"https:\/\/www.cormens.com\/en\/publications\/\" \/>\n<meta property=\"og:site_name\" content=\"Cormens\" \/>\n<meta property=\"article:modified_time\" content=\"2025-10-16T23:19:18+00:00\" \/>\n<meta name=\"twitter:card\" content=\"summary_large_image\" \/>\n<meta name=\"twitter:label1\" content=\"Est. reading time\" \/>\n\t<meta name=\"twitter:data1\" content=\"3 minutes\" \/>\n<script type=\"application\/ld+json\" class=\"yoast-schema-graph\">{\"@context\":\"https:\\\/\\\/schema.org\",\"@graph\":[{\"@type\":\"WebPage\",\"@id\":\"https:\\\/\\\/www.cormens.com\\\/en\\\/publications\\\/\",\"url\":\"https:\\\/\\\/www.cormens.com\\\/en\\\/publications\\\/\",\"name\":\"Publications - Cormens\",\"isPartOf\":{\"@id\":\"https:\\\/\\\/www.cormens.com\\\/en\\\/#website\"},\"datePublished\":\"2025-07-30T11:04:40+00:00\",\"dateModified\":\"2025-10-16T23:19:18+00:00\",\"breadcrumb\":{\"@id\":\"https:\\\/\\\/www.cormens.com\\\/en\\\/publications\\\/#breadcrumb\"},\"inLanguage\":\"en-US\",\"potentialAction\":[{\"@type\":\"ReadAction\",\"target\":[\"https:\\\/\\\/www.cormens.com\\\/en\\\/publications\\\/\"]}]},{\"@type\":\"BreadcrumbList\",\"@id\":\"https:\\\/\\\/www.cormens.com\\\/en\\\/publications\\\/#breadcrumb\",\"itemListElement\":[{\"@type\":\"ListItem\",\"position\":1,\"name\":\"Startseite\",\"item\":\"https:\\\/\\\/www.cormens.com\\\/en\\\/\"},{\"@type\":\"ListItem\",\"position\":2,\"name\":\"Publications\"}]},{\"@type\":\"WebSite\",\"@id\":\"https:\\\/\\\/www.cormens.com\\\/en\\\/#website\",\"url\":\"https:\\\/\\\/www.cormens.com\\\/en\\\/\",\"name\":\"Cormens\",\"description\":\"\",\"publisher\":{\"@id\":\"https:\\\/\\\/www.cormens.com\\\/en\\\/#organization\"},\"potentialAction\":[{\"@type\":\"SearchAction\",\"target\":{\"@type\":\"EntryPoint\",\"urlTemplate\":\"https:\\\/\\\/www.cormens.com\\\/en\\\/?s={search_term_string}\"},\"query-input\":{\"@type\":\"PropertyValueSpecification\",\"valueRequired\":true,\"valueName\":\"search_term_string\"}}],\"inLanguage\":\"en-US\"},{\"@type\":\"Organization\",\"@id\":\"https:\\\/\\\/www.cormens.com\\\/en\\\/#organization\",\"name\":\"Cormens\",\"url\":\"https:\\\/\\\/www.cormens.com\\\/en\\\/\",\"logo\":{\"@type\":\"ImageObject\",\"inLanguage\":\"en-US\",\"@id\":\"https:\\\/\\\/www.cormens.com\\\/en\\\/#\\\/schema\\\/logo\\\/image\\\/\",\"url\":\"https:\\\/\\\/www.cormens.com\\\/wp-content\\\/uploads\\\/media\\\/cormens-logo-blue.svg\",\"contentUrl\":\"https:\\\/\\\/www.cormens.com\\\/wp-content\\\/uploads\\\/media\\\/cormens-logo-blue.svg\",\"width\":156,\"height\":20,\"caption\":\"Cormens\"},\"image\":{\"@id\":\"https:\\\/\\\/www.cormens.com\\\/en\\\/#\\\/schema\\\/logo\\\/image\\\/\"}}]}<\/script>\n<!-- \/ Yoast SEO plugin. -->","yoast_head_json":{"title":"Publications - Cormens","robots":{"index":"index","follow":"follow","max-snippet":"max-snippet:-1","max-image-preview":"max-image-preview:large","max-video-preview":"max-video-preview:-1"},"canonical":"https:\/\/www.cormens.com\/en\/publications\/","og_locale":"en_US","og_type":"article","og_title":"Publications - Cormens","og_description":"[vc_row el_class=&#8221;space-after-m&#8221;][vc_column][vc_column_text css=&#8221;&#8221;] We are happy to share our knowledge and experience with you. The following publications give you examples of how the methods we use can be adopted effectively and inspirationally. [\/vc_column_text][vc_column_text css=&#8221;&#8221;] All our publications are in German [\/vc_column_text][\/vc_column][\/vc_row][vc_row el_class=&#8221;space-before-0 space-after-m&#8221;][vc_column width=&#8221;2\/3&#8243;][vc_column_text css=&#8221;&#8221;] Jonglieren mit der Unsicherheit &#8211; Entscheidungsprozesse in Organisationen Fachzeitschriftartikel von [&hellip;]","og_url":"https:\/\/www.cormens.com\/en\/publications\/","og_site_name":"Cormens","article_modified_time":"2025-10-16T23:19:18+00:00","twitter_card":"summary_large_image","twitter_misc":{"Est. reading time":"3 minutes"},"schema":{"@context":"https:\/\/schema.org","@graph":[{"@type":"WebPage","@id":"https:\/\/www.cormens.com\/en\/publications\/","url":"https:\/\/www.cormens.com\/en\/publications\/","name":"Publications - Cormens","isPartOf":{"@id":"https:\/\/www.cormens.com\/en\/#website"},"datePublished":"2025-07-30T11:04:40+00:00","dateModified":"2025-10-16T23:19:18+00:00","breadcrumb":{"@id":"https:\/\/www.cormens.com\/en\/publications\/#breadcrumb"},"inLanguage":"en-US","potentialAction":[{"@type":"ReadAction","target":["https:\/\/www.cormens.com\/en\/publications\/"]}]},{"@type":"BreadcrumbList","@id":"https:\/\/www.cormens.com\/en\/publications\/#breadcrumb","itemListElement":[{"@type":"ListItem","position":1,"name":"Startseite","item":"https:\/\/www.cormens.com\/en\/"},{"@type":"ListItem","position":2,"name":"Publications"}]},{"@type":"WebSite","@id":"https:\/\/www.cormens.com\/en\/#website","url":"https:\/\/www.cormens.com\/en\/","name":"Cormens","description":"","publisher":{"@id":"https:\/\/www.cormens.com\/en\/#organization"},"potentialAction":[{"@type":"SearchAction","target":{"@type":"EntryPoint","urlTemplate":"https:\/\/www.cormens.com\/en\/?s={search_term_string}"},"query-input":{"@type":"PropertyValueSpecification","valueRequired":true,"valueName":"search_term_string"}}],"inLanguage":"en-US"},{"@type":"Organization","@id":"https:\/\/www.cormens.com\/en\/#organization","name":"Cormens","url":"https:\/\/www.cormens.com\/en\/","logo":{"@type":"ImageObject","inLanguage":"en-US","@id":"https:\/\/www.cormens.com\/en\/#\/schema\/logo\/image\/","url":"https:\/\/www.cormens.com\/wp-content\/uploads\/media\/cormens-logo-blue.svg","contentUrl":"https:\/\/www.cormens.com\/wp-content\/uploads\/media\/cormens-logo-blue.svg","width":156,"height":20,"caption":"Cormens"},"image":{"@id":"https:\/\/www.cormens.com\/en\/#\/schema\/logo\/image\/"}}]}},"_links":{"self":[{"href":"https:\/\/www.cormens.com\/en\/wp-json\/wp\/v2\/pages\/1592","targetHints":{"allow":["GET"]}}],"collection":[{"href":"https:\/\/www.cormens.com\/en\/wp-json\/wp\/v2\/pages"}],"about":[{"href":"https:\/\/www.cormens.com\/en\/wp-json\/wp\/v2\/types\/page"}],"author":[{"embeddable":true,"href":"https:\/\/www.cormens.com\/en\/wp-json\/wp\/v2\/users\/1"}],"replies":[{"embeddable":true,"href":"https:\/\/www.cormens.com\/en\/wp-json\/wp\/v2\/comments?post=1592"}],"version-history":[{"count":9,"href":"https:\/\/www.cormens.com\/en\/wp-json\/wp\/v2\/pages\/1592\/revisions"}],"predecessor-version":[{"id":1604,"href":"https:\/\/www.cormens.com\/en\/wp-json\/wp\/v2\/pages\/1592\/revisions\/1604"}],"wp:attachment":[{"href":"https:\/\/www.cormens.com\/en\/wp-json\/wp\/v2\/media?parent=1592"}],"curies":[{"name":"wp","href":"https:\/\/api.w.org\/{rel}","templated":true}]}}